{"id":53,"date":"2025-08-28T23:29:19","date_gmt":"2025-08-28T21:29:19","guid":{"rendered":"https:\/\/threepoints-group.com\/?page_id=53"},"modified":"2025-10-06T18:36:24","modified_gmt":"2025-10-06T16:36:24","slug":"mentions-legales","status":"publish","type":"page","link":"https:\/\/threepoints-group.com\/en\/mentions-legales\/","title":{"rendered":"Legal notice"},"content":{"rendered":"<div data-elementor-type=\"wp-page\" data-elementor-id=\"53\" class=\"elementor elementor-53\" data-elementor-post-type=\"page\">\n\t\t\t\t<div class=\"elementor-element elementor-element-8109f88 e-con-full e-flex e-con e-parent\" data-id=\"8109f88\" data-element_type=\"container\" data-e-type=\"container\">\n\t\t\t\t<div class=\"elementor-element elementor-element-762d7e8 elementor-widget elementor-widget-html\" data-id=\"762d7e8\" data-element_type=\"widget\" data-e-type=\"widget\" data-widget_type=\"html.default\">\n\t\t\t\t\t<script>\ndocument.body.classList.add(\"menu-dark-base\");\n<\/script>\t\t\t\t<\/div>\n\t\t<div class=\"elementor-element elementor-element-8d2bf3b e-flex e-con-boxed e-con e-child\" data-id=\"8d2bf3b\" data-element_type=\"container\" data-e-type=\"container\">\n\t\t\t\t\t<div class=\"e-con-inner\">\n\t\t<div class=\"elementor-element elementor-element-c6f393d e-con-full e-flex e-con e-child\" data-id=\"c6f393d\" data-element_type=\"container\" data-e-type=\"container\">\n\t\t\t\t<div class=\"elementor-element elementor-element-5a0dbfc elementor-widget elementor-widget-heading\" data-id=\"5a0dbfc\" data-element_type=\"widget\" data-e-type=\"widget\" data-widget_type=\"heading.default\">\n\t\t\t\t\t<h2 class=\"elementor-heading-title elementor-size-default\">Legal notice<\/h2>\t\t\t\t<\/div>\n\t\t\t\t<div class=\"elementor-element elementor-element-c9fb555 elementor-widget elementor-widget-heading\" data-id=\"c9fb555\" data-element_type=\"widget\" data-e-type=\"widget\" data-widget_type=\"heading.default\">\n\t\t\t\t\t<h3 class=\"elementor-heading-title elementor-size-default\">Conditions d'utilisation<\/h3>\t\t\t\t<\/div>\n\t\t\t\t<div class=\"elementor-element elementor-element-6103606 elementor-widget elementor-widget-text-editor\" data-id=\"6103606\" data-element_type=\"widget\" data-e-type=\"widget\" data-widget_type=\"text-editor.default\">\n\t\t\t\t\t\t\t\t\t<div class=\"elementor-element elementor-element-a77261b elementor-widget elementor-widget-text-editor\" data-id=\"a77261b\" data-element_type=\"widget\" data-widget_type=\"text-editor.default\"><div class=\"elementor-widget-container\"><p>Merci de lire attentivement les pr\u00e9sentes modalit\u00e9s d\u2019utilisation du pr\u00e9sent site avant de le parcourir.<\/p><p>En vous connectant sur ce site, vous acceptez sans r\u00e9serve les pr\u00e9sentes modalit\u00e9s.<\/p><p>\u00c9diteur du site :\u00a0<br \/><b>XXX<br \/>XXX<br \/>XXX<\/b><\/p><p>Directeur de publication : XXX<br \/>XXX@XXX.XX<\/p><\/div><\/div><div class=\"elementor-element elementor-element-af4c9e3 elementor-widget elementor-widget-text-editor\" data-id=\"af4c9e3\" data-element_type=\"widget\" data-widget_type=\"text-editor.default\"><div class=\"elementor-widget-container\"><p>Le site accessible par l\u2019url suivant : <strong>threepoints-group.com<\/strong> est exploit\u00e9 dans le respect de la l\u00e9gislation fran\u00e7aise. L\u2019utilisation de ce site est r\u00e9gie par les pr\u00e9sentes conditions g\u00e9n\u00e9rales. En utilisant le site, vous reconnaissez avoir pris connaissance de ces conditions et les avoir accept\u00e9es. Celles-ci pourront \u00eatre modifi\u00e9es \u00e0 tout moment et sans pr\u00e9avis par la soci\u00e9t\u00e9 <strong>ThreePoints<\/strong> ne saurait \u00eatre tenue pour responsable en aucune mani\u00e8re d\u2019une mauvaise utilisation du service.<\/p><\/div><\/div>\t\t\t\t\t\t\t\t<\/div>\n\t\t\t\t<div class=\"elementor-element elementor-element-bfcab2a elementor-widget elementor-widget-heading\" data-id=\"bfcab2a\" data-element_type=\"widget\" data-e-type=\"widget\" data-widget_type=\"heading.default\">\n\t\t\t\t\t<h3 class=\"elementor-heading-title elementor-size-default\">Limitation de responsabilit\u00e9<\/h3>\t\t\t\t<\/div>\n\t\t\t\t<div class=\"elementor-element elementor-element-895f275 elementor-widget elementor-widget-text-editor\" data-id=\"895f275\" data-element_type=\"widget\" data-e-type=\"widget\" data-widget_type=\"text-editor.default\">\n\t\t\t\t\t\t\t\t\t<div class=\"elementor-element elementor-element-a77261b elementor-widget elementor-widget-text-editor\" data-id=\"a77261b\" data-element_type=\"widget\" data-widget_type=\"text-editor.default\"><div class=\"elementor-widget-container\"><p>Les informations contenues sur ce site sont aussi pr\u00e9cises que possible et le site est p\u00e9riodiquement remis \u00e0 jour.<br \/>Cependant, il peut toutefois contenir des inexactitudes, des omissions ou des lacunes. Si vous constatez une lacune, erreur ou ce qui parait \u00eatre un dysfonctionnement, merci de bien vouloir le signaler par e-mail en d\u00e9crivant le probl\u00e8me de la mani\u00e8re la plus pr\u00e9cise possible (page posant probl\u00e8me, action d\u00e9clenchante, type d\u2019ordinateur et de navigateur utilis\u00e9, \u2026).<\/p><p>Tout contenu t\u00e9l\u00e9charg\u00e9 se fait aux risques et p\u00e9rils de l\u2019utilisateur et sous sa seule responsabilit\u00e9.<\/p><p>En cons\u00e9quence, la soci\u00e9t\u00e9 <strong>ThreePoints<\/strong> ne saurait \u00eatre tenue responsable d\u2019un quelconque dommage subi par l\u2019ordinateur de l\u2019utilisateur ou d\u2019une quelconque perte de donn\u00e9es cons\u00e9cutives au t\u00e9l\u00e9chargement.<\/p><\/div><\/div>\t\t\t\t\t\t\t\t<\/div>\n\t\t\t\t<div class=\"elementor-element elementor-element-c7fbdad elementor-widget elementor-widget-heading\" data-id=\"c7fbdad\" data-element_type=\"widget\" data-e-type=\"widget\" data-widget_type=\"heading.default\">\n\t\t\t\t\t<h3 class=\"elementor-heading-title elementor-size-default\">Les photos sont non contractuelles<\/h3>\t\t\t\t<\/div>\n\t\t\t\t<div class=\"elementor-element elementor-element-15b55f4 elementor-widget elementor-widget-text-editor\" data-id=\"15b55f4\" data-element_type=\"widget\" data-e-type=\"widget\" data-widget_type=\"text-editor.default\">\n\t\t\t\t\t\t\t\t\t<div class=\"elementor-element elementor-element-a77261b elementor-widget elementor-widget-text-editor\" data-id=\"a77261b\" data-element_type=\"widget\" data-widget_type=\"text-editor.default\"><div class=\"elementor-widget-container\"><p>Les liens hypertextes mis en place dans le cadre du pr\u00e9sent site internet en direction d\u2019autres ressources pr\u00e9sentes sur le r\u00e9seau Internet ne sauraient engager la responsabilit\u00e9 de la soci\u00e9t\u00e9 <strong>ThreePoints<\/strong>.<\/p><\/div><\/div>\t\t\t\t\t\t\t\t<\/div>\n\t\t\t\t<div class=\"elementor-element elementor-element-82ea73d elementor-widget elementor-widget-heading\" data-id=\"82ea73d\" data-element_type=\"widget\" data-e-type=\"widget\" data-widget_type=\"heading.default\">\n\t\t\t\t\t<h3 class=\"elementor-heading-title elementor-size-default\">Litiges<\/h3>\t\t\t\t<\/div>\n\t\t\t\t<div class=\"elementor-element elementor-element-442b0be elementor-widget elementor-widget-text-editor\" data-id=\"442b0be\" data-element_type=\"widget\" data-e-type=\"widget\" data-widget_type=\"text-editor.default\">\n\t\t\t\t\t\t\t\t\t<div class=\"elementor-element elementor-element-a77261b elementor-widget elementor-widget-text-editor\" data-id=\"a77261b\" data-element_type=\"widget\" data-widget_type=\"text-editor.default\"><div class=\"elementor-widget-container\"><p>Les pr\u00e9sentes conditions sont r\u00e9gies par les lois fran\u00e7aises et toute contestation ou litige qui pourrait na\u00eetre de l\u2019interpr\u00e9tation ou de l\u2019ex\u00e9cution de celles-ci seront de la comp\u00e9tence exclusive des tribunaux dont d\u00e9pend le si\u00e8ge social de la soci\u00e9t\u00e9 <strong>ThreePoints<\/strong>.<\/p><p>La langue de r\u00e9f\u00e9rence, pour le r\u00e8glement de contentieux \u00e9ventuels, est le fran\u00e7ais.<\/p><\/div><\/div>\t\t\t\t\t\t\t\t<\/div>\n\t\t\t\t<div class=\"elementor-element elementor-element-9a66512 elementor-widget elementor-widget-heading\" data-id=\"9a66512\" data-element_type=\"widget\" data-e-type=\"widget\" data-widget_type=\"heading.default\">\n\t\t\t\t\t<h3 class=\"elementor-heading-title elementor-size-default\">D\u00e9claration \u00e0 la CNIL<\/h3>\t\t\t\t<\/div>\n\t\t\t\t<div class=\"elementor-element elementor-element-f40ae5d elementor-widget elementor-widget-text-editor\" data-id=\"f40ae5d\" data-element_type=\"widget\" data-e-type=\"widget\" data-widget_type=\"text-editor.default\">\n\t\t\t\t\t\t\t\t\t<div class=\"elementor-element elementor-element-a77261b elementor-widget elementor-widget-text-editor\" data-id=\"a77261b\" data-element_type=\"widget\" data-widget_type=\"text-editor.default\"><div class=\"elementor-widget-container\"><p>Conform\u00e9ment \u00e0 la loi 78-17 du 6 janvier 1978 (modifi\u00e9e par la loi 2004-801 du 6 ao\u00fbt 2004 relative \u00e0 la protection des personnes physiques \u00e0 l\u2019\u00e9gard des traitements de donn\u00e9es \u00e0 caract\u00e8re personnel) relative \u00e0 l\u2019informatique, aux fichiers et aux libert\u00e9s, le site a fait l\u2019objet d\u2019une d\u00e9claration aupr\u00e8s de la Commission nationale de l\u2019informatique et des libert\u00e9s (<a href=\"http:\/\/www.cnil.fr\/\" target=\"_blank\" rel=\"noopener noreferrer\" data-saferedirecturl=\"https:\/\/www.google.com\/url?hl=fr&amp;q=http:\/\/www.cnil.fr&amp;source=gmail&amp;ust=1500392158441000&amp;usg=AFQjCNEss1y6BPyBuTBpwGF4WWDNlXYPtA\">www.cnil.fr<\/a>) sous le num\u00e9ro XXX.<\/p><\/div><\/div>\t\t\t\t\t\t\t\t<\/div>\n\t\t\t\t<div class=\"elementor-element elementor-element-387111a elementor-widget elementor-widget-heading\" data-id=\"387111a\" data-element_type=\"widget\" data-e-type=\"widget\" data-widget_type=\"heading.default\">\n\t\t\t\t\t<h3 class=\"elementor-heading-title elementor-size-default\">Droit d'acc\u00e8s<\/h3>\t\t\t\t<\/div>\n\t\t\t\t<div class=\"elementor-element elementor-element-1d77bca elementor-widget elementor-widget-text-editor\" data-id=\"1d77bca\" data-element_type=\"widget\" data-e-type=\"widget\" data-widget_type=\"text-editor.default\">\n\t\t\t\t\t\t\t\t\t<div class=\"elementor-element elementor-element-a77261b elementor-widget elementor-widget-text-editor\" data-id=\"a77261b\" data-element_type=\"widget\" data-widget_type=\"text-editor.default\"><div class=\"elementor-widget-container\"><p>En application de cette loi, les internautes disposent d\u2019un droit d\u2019acc\u00e8s, de rectification, de modification et de suppression concernant les donn\u00e9es qui les concernent personnellement. Ce droit peut \u00eatre exerc\u00e9 par voie postale aupr\u00e8s de XXX ou par voie \u00e9lectronique \u00e0 l\u2019adresse e-mail suivante : XXX<\/p><p>Les informations personnelles collect\u00e9es ne sont en aucun cas confi\u00e9es \u00e0 des tiers hormis pour l\u2019\u00e9ventuelle bonne ex\u00e9cution de la prestation command\u00e9e par l\u2019internaute.<\/p><\/div><\/div>\t\t\t\t\t\t\t\t<\/div>\n\t\t\t\t<div class=\"elementor-element elementor-element-c0f3c9c elementor-widget elementor-widget-heading\" data-id=\"c0f3c9c\" data-element_type=\"widget\" data-e-type=\"widget\" data-widget_type=\"heading.default\">\n\t\t\t\t\t<h3 class=\"elementor-heading-title elementor-size-default\">Confidentialit\u00e9<\/h3>\t\t\t\t<\/div>\n\t\t\t\t<div class=\"elementor-element elementor-element-ce7e126 elementor-widget elementor-widget-text-editor\" data-id=\"ce7e126\" data-element_type=\"widget\" data-e-type=\"widget\" data-widget_type=\"text-editor.default\">\n\t\t\t\t\t\t\t\t\t<div class=\"elementor-element elementor-element-a77261b elementor-widget elementor-widget-text-editor\" data-id=\"a77261b\" data-element_type=\"widget\" data-widget_type=\"text-editor.default\"><div class=\"elementor-widget-container\"><p>Vos donn\u00e9es personnelles sont confidentielles et ne seront en aucun cas communiqu\u00e9es \u00e0 des tiers hormis pour la bonne ex\u00e9cution de la prestation.<\/p><\/div><\/div>\t\t\t\t\t\t\t\t<\/div>\n\t\t\t\t<div class=\"elementor-element elementor-element-1c58c09 elementor-widget elementor-widget-heading\" data-id=\"1c58c09\" data-element_type=\"widget\" data-e-type=\"widget\" data-widget_type=\"heading.default\">\n\t\t\t\t\t<h3 class=\"elementor-heading-title elementor-size-default\">Propri\u00e9t\u00e9 intellectuelle<\/h3>\t\t\t\t<\/div>\n\t\t\t\t<div class=\"elementor-element elementor-element-c9184fe elementor-widget elementor-widget-text-editor\" data-id=\"c9184fe\" data-element_type=\"widget\" data-e-type=\"widget\" data-widget_type=\"text-editor.default\">\n\t\t\t\t\t\t\t\t\t<div class=\"elementor-element elementor-element-a77261b elementor-widget elementor-widget-text-editor\" data-id=\"a77261b\" data-element_type=\"widget\" data-widget_type=\"text-editor.default\"><div class=\"elementor-widget-container\"><p>Tout le contenu du pr\u00e9sent site, incluant, de fa\u00e7on non limitative, les graphismes, images, textes, vid\u00e9os, animations, sons, logos, gifs et ic\u00f4nes ainsi que leur mise en forme sont la propri\u00e9t\u00e9 exclusive de la soci\u00e9t\u00e9 <strong>ThreePoints<\/strong> \u00e0 l\u2019exception des marques, logos ou contenus appartenant \u00e0 d\u2019autres soci\u00e9t\u00e9s partenaires ou auteurs.<\/p><p>Toute reproduction, distribution, modification, adaptation, retransmission ou publication, m\u00eame partielle, de ces diff\u00e9rents \u00e9l\u00e9ments est strictement interdite sans l\u2019accord expr\u00e8s de la soci\u00e9t\u00e9 <strong>ThreePoints<\/strong>.<\/p><p>Cette repr\u00e9sentation ou reproduction, par quelque proc\u00e9d\u00e9 que ce soit, constitue une contrefa\u00e7on sanctionn\u00e9e par les articles L.3335-2 et suivants du Code de la propri\u00e9t\u00e9 intellectuelle. Le non-respect de cette interdiction constitue une contrefa\u00e7on pouvant engager la responsabilit\u00e9 civile et p\u00e9nale du contrefacteur. En outre, les propri\u00e9taires des contenus copi\u00e9s pourraient intenter une action en justice \u00e0 l\u2019encontre de l\u2019utilisateur.<\/p><p>La soci\u00e9t\u00e9 <strong>ThreePoints<\/strong> est identiquement propri\u00e9taire des \u201cdroits des producteurs de bases de donn\u00e9es\u201d vis\u00e9s au Livre III, Titre IV, du Code de la Propri\u00e9t\u00e9 Intellectuelle (loi n\u00b0 98-536 du 1er juillet 1998) relative aux droits d\u2019auteur et aux bases de donn\u00e9es.<\/p><p>Les utilisateurs et visiteurs du site internet peuvent mettre en place un hyperlien en direction de ce site, mais uniquement en direction de la page d\u2019accueil, accessible \u00e0 l\u2019URL suivante : <strong>threepoints-group.com<\/strong>\u00a0 \u00e0 condition que ce lien s\u2019ouvre dans une nouvelle fen\u00eatre. En particulier un lien vers une sous page (\u00ab lien profond \u00bb) est interdit, ainsi que l\u2019ouverture du pr\u00e9sent site au sein d\u2019un cadre (\u00ab framing \u00bb), sauf l\u2019autorisation expresse et pr\u00e9alable de la soci\u00e9t\u00e9 <strong>ThreePoints<\/strong>.<\/p><p>Pour toute demande d\u2019autorisation ou d\u2019information, veuillez nous contacter par e-mail : <strong>threepoints-group.com<\/strong>. Des conditions sp\u00e9cifiques sont pr\u00e9vues pour la presse.<\/p><\/div><\/div>\t\t\t\t\t\t\t\t<\/div>\n\t\t\t\t<div class=\"elementor-element elementor-element-bb6c05f elementor-widget elementor-widget-heading\" data-id=\"bb6c05f\" data-element_type=\"widget\" data-e-type=\"widget\" data-widget_type=\"heading.default\">\n\t\t\t\t\t<h3 class=\"elementor-heading-title elementor-size-default\">H\u00e9bergeur<\/h3>\t\t\t\t<\/div>\n\t\t\t\t<div class=\"elementor-element elementor-element-15cf9a6 elementor-widget elementor-widget-text-editor\" data-id=\"15cf9a6\" data-element_type=\"widget\" data-e-type=\"widget\" data-widget_type=\"text-editor.default\">\n\t\t\t\t\t\t\t\t\t<p>OVH \u2013\u00a02 Rue Kellermann \u2013\u00a059100 \u2013 ROUBAIX (France)<br \/>SAS au capital de 10 000 000 \u20ac<br \/>RCS Roubaix \u2013 Tourcoing 424 761 419 00045<br \/>Code APE 6202A<br \/>N\u00b0 TVA : FR 22 424 761 419<\/p>\t\t\t\t\t\t\t\t<\/div>\n\t\t\t\t<\/div>\n\t\t\t\t\t<\/div>\n\t\t\t\t<\/div>\n\t\t\t\t<\/div>\n\t\t\t\t<\/div>","protected":false},"excerpt":{"rendered":"<p>Mentions l\u00e9gales Conditions d&rsquo;utilisation Merci de lire attentivement les pr\u00e9sentes modalit\u00e9s d\u2019utilisation du pr\u00e9sent site avant de le parcourir. En vous connectant sur ce site, vous acceptez sans r\u00e9serve les pr\u00e9sentes modalit\u00e9s. \u00c9diteur du site :\u00a0XXXXXXXXX Directeur de publication : XXXXXX@XXX.XX Le site accessible par l\u2019url suivant : threepoints-group.com est exploit\u00e9 dans le respect de [&hellip;]<\/p>\n","protected":false},"author":1,"featured_media":0,"parent":0,"menu_order":0,"comment_status":"closed","ping_status":"closed","template":"","meta":{"_acf_changed":false,"footnotes":""},"class_list":["post-53","page","type-page","status-publish","hentry"],"acf":[],"yoast_head":"<!-- This site is optimized with the Yoast SEO plugin v27.3 - https:\/\/yoast.com\/product\/yoast-seo-wordpress\/ -->\n<title>Mentions l\u00e9gales - ThreePoints<\/title>\n<meta name=\"description\" content=\"Mentions l\u00e9gales du cabinet ThreePoints, conseil strat\u00e9gique et ing\u00e9nierie financi\u00e8re \u00e0 Paris, Bordeaux et Toulouse.\" \/>\n<meta name=\"robots\" content=\"index, follow, max-snippet:-1, max-image-preview:large, max-video-preview:-1\" \/>\n<link rel=\"canonical\" href=\"https:\/\/threepoints-group.com\/en\/mentions-legales\/\" \/>\n<meta property=\"og:locale\" content=\"en_US\" \/>\n<meta property=\"og:type\" content=\"article\" \/>\n<meta property=\"og:title\" content=\"Mentions l\u00e9gales - ThreePoints\" \/>\n<meta property=\"og:description\" content=\"Mentions l\u00e9gales du cabinet ThreePoints, conseil strat\u00e9gique et ing\u00e9nierie financi\u00e8re \u00e0 Paris, Bordeaux et Toulouse.\" \/>\n<meta property=\"og:url\" content=\"https:\/\/threepoints-group.com\/en\/mentions-legales\/\" \/>\n<meta property=\"og:site_name\" content=\"ThreePoints\" \/>\n<meta property=\"article:modified_time\" content=\"2025-10-06T16:36:24+00:00\" \/>\n<meta name=\"twitter:card\" content=\"summary_large_image\" \/>\n<meta name=\"twitter:label1\" content=\"Est. reading time\" \/>\n\t<meta name=\"twitter:data1\" content=\"5 minutes\" \/>\n<script type=\"application\/ld+json\" class=\"yoast-schema-graph\">{\"@context\":\"https:\\\/\\\/schema.org\",\"@graph\":[{\"@type\":\"WebPage\",\"@id\":\"https:\\\/\\\/threepoints-group.com\\\/mentions-legales\\\/\",\"url\":\"https:\\\/\\\/threepoints-group.com\\\/mentions-legales\\\/\",\"name\":\"Mentions l\u00e9gales - ThreePoints\",\"isPartOf\":{\"@id\":\"https:\\\/\\\/threepoints-group.com\\\/#website\"},\"datePublished\":\"2025-08-28T21:29:19+00:00\",\"dateModified\":\"2025-10-06T16:36:24+00:00\",\"description\":\"Mentions l\u00e9gales du cabinet ThreePoints, conseil strat\u00e9gique et ing\u00e9nierie financi\u00e8re \u00e0 Paris, Bordeaux et Toulouse.\",\"breadcrumb\":{\"@id\":\"https:\\\/\\\/threepoints-group.com\\\/mentions-legales\\\/#breadcrumb\"},\"inLanguage\":\"en-US\",\"potentialAction\":[{\"@type\":\"ReadAction\",\"target\":[\"https:\\\/\\\/threepoints-group.com\\\/mentions-legales\\\/\"]}]},{\"@type\":\"BreadcrumbList\",\"@id\":\"https:\\\/\\\/threepoints-group.com\\\/mentions-legales\\\/#breadcrumb\",\"itemListElement\":[{\"@type\":\"ListItem\",\"position\":1,\"name\":\"Accueil\",\"item\":\"https:\\\/\\\/threepoints-group.com\\\/\"},{\"@type\":\"ListItem\",\"position\":2,\"name\":\"Mentions l\u00e9gales\"}]},{\"@type\":\"WebSite\",\"@id\":\"https:\\\/\\\/threepoints-group.com\\\/#website\",\"url\":\"https:\\\/\\\/threepoints-group.com\\\/\",\"name\":\"ThreePoints\",\"description\":\"\",\"publisher\":{\"@id\":\"https:\\\/\\\/threepoints-group.com\\\/#organization\"},\"potentialAction\":[{\"@type\":\"SearchAction\",\"target\":{\"@type\":\"EntryPoint\",\"urlTemplate\":\"https:\\\/\\\/threepoints-group.com\\\/?s={search_term_string}\"},\"query-input\":{\"@type\":\"PropertyValueSpecification\",\"valueRequired\":true,\"valueName\":\"search_term_string\"}}],\"inLanguage\":\"en-US\"},{\"@type\":\"Organization\",\"@id\":\"https:\\\/\\\/threepoints-group.com\\\/#organization\",\"name\":\"ThreePoints\",\"url\":\"https:\\\/\\\/threepoints-group.com\\\/\",\"logo\":{\"@type\":\"ImageObject\",\"inLanguage\":\"en-US\",\"@id\":\"https:\\\/\\\/threepoints-group.com\\\/#\\\/schema\\\/logo\\\/image\\\/\",\"url\":\"https:\\\/\\\/threepoints-group.com\\\/wp-content\\\/uploads\\\/2025\\\/08\\\/threepoints-logo-scaled.png\",\"contentUrl\":\"https:\\\/\\\/threepoints-group.com\\\/wp-content\\\/uploads\\\/2025\\\/08\\\/threepoints-logo-scaled.png\",\"width\":2560,\"height\":697,\"caption\":\"ThreePoints\"},\"image\":{\"@id\":\"https:\\\/\\\/threepoints-group.com\\\/#\\\/schema\\\/logo\\\/image\\\/\"}}]}<\/script>\n<!-- \/ Yoast SEO plugin. -->","yoast_head_json":{"title":"Mentions l\u00e9gales - ThreePoints","description":"Mentions l\u00e9gales du cabinet ThreePoints, conseil strat\u00e9gique et ing\u00e9nierie financi\u00e8re \u00e0 Paris, Bordeaux et Toulouse.","robots":{"index":"index","follow":"follow","max-snippet":"max-snippet:-1","max-image-preview":"max-image-preview:large","max-video-preview":"max-video-preview:-1"},"canonical":"https:\/\/threepoints-group.com\/en\/mentions-legales\/","og_locale":"en_US","og_type":"article","og_title":"Mentions l\u00e9gales - ThreePoints","og_description":"Mentions l\u00e9gales du cabinet ThreePoints, conseil strat\u00e9gique et ing\u00e9nierie financi\u00e8re \u00e0 Paris, Bordeaux et Toulouse.","og_url":"https:\/\/threepoints-group.com\/en\/mentions-legales\/","og_site_name":"ThreePoints","article_modified_time":"2025-10-06T16:36:24+00:00","twitter_card":"summary_large_image","twitter_misc":{"Est. reading time":"5 minutes"},"schema":{"@context":"https:\/\/schema.org","@graph":[{"@type":"WebPage","@id":"https:\/\/threepoints-group.com\/mentions-legales\/","url":"https:\/\/threepoints-group.com\/mentions-legales\/","name":"Mentions l\u00e9gales - ThreePoints","isPartOf":{"@id":"https:\/\/threepoints-group.com\/#website"},"datePublished":"2025-08-28T21:29:19+00:00","dateModified":"2025-10-06T16:36:24+00:00","description":"Mentions l\u00e9gales du cabinet ThreePoints, conseil strat\u00e9gique et ing\u00e9nierie financi\u00e8re \u00e0 Paris, Bordeaux et Toulouse.","breadcrumb":{"@id":"https:\/\/threepoints-group.com\/mentions-legales\/#breadcrumb"},"inLanguage":"en-US","potentialAction":[{"@type":"ReadAction","target":["https:\/\/threepoints-group.com\/mentions-legales\/"]}]},{"@type":"BreadcrumbList","@id":"https:\/\/threepoints-group.com\/mentions-legales\/#breadcrumb","itemListElement":[{"@type":"ListItem","position":1,"name":"Accueil","item":"https:\/\/threepoints-group.com\/"},{"@type":"ListItem","position":2,"name":"Mentions l\u00e9gales"}]},{"@type":"WebSite","@id":"https:\/\/threepoints-group.com\/#website","url":"https:\/\/threepoints-group.com\/","name":"ThreePoints","description":"","publisher":{"@id":"https:\/\/threepoints-group.com\/#organization"},"potentialAction":[{"@type":"SearchAction","target":{"@type":"EntryPoint","urlTemplate":"https:\/\/threepoints-group.com\/?s={search_term_string}"},"query-input":{"@type":"PropertyValueSpecification","valueRequired":true,"valueName":"search_term_string"}}],"inLanguage":"en-US"},{"@type":"Organization","@id":"https:\/\/threepoints-group.com\/#organization","name":"ThreePoints","url":"https:\/\/threepoints-group.com\/","logo":{"@type":"ImageObject","inLanguage":"en-US","@id":"https:\/\/threepoints-group.com\/#\/schema\/logo\/image\/","url":"https:\/\/threepoints-group.com\/wp-content\/uploads\/2025\/08\/threepoints-logo-scaled.png","contentUrl":"https:\/\/threepoints-group.com\/wp-content\/uploads\/2025\/08\/threepoints-logo-scaled.png","width":2560,"height":697,"caption":"ThreePoints"},"image":{"@id":"https:\/\/threepoints-group.com\/#\/schema\/logo\/image\/"}}]}},"_links":{"self":[{"href":"https:\/\/threepoints-group.com\/en\/wp-json\/wp\/v2\/pages\/53","targetHints":{"allow":["GET"]}}],"collection":[{"href":"https:\/\/threepoints-group.com\/en\/wp-json\/wp\/v2\/pages"}],"about":[{"href":"https:\/\/threepoints-group.com\/en\/wp-json\/wp\/v2\/types\/page"}],"author":[{"embeddable":true,"href":"https:\/\/threepoints-group.com\/en\/wp-json\/wp\/v2\/users\/1"}],"replies":[{"embeddable":true,"href":"https:\/\/threepoints-group.com\/en\/wp-json\/wp\/v2\/comments?post=53"}],"version-history":[{"count":25,"href":"https:\/\/threepoints-group.com\/en\/wp-json\/wp\/v2\/pages\/53\/revisions"}],"predecessor-version":[{"id":1071,"href":"https:\/\/threepoints-group.com\/en\/wp-json\/wp\/v2\/pages\/53\/revisions\/1071"}],"wp:attachment":[{"href":"https:\/\/threepoints-group.com\/en\/wp-json\/wp\/v2\/media?parent=53"}],"curies":[{"name":"wp","href":"https:\/\/api.w.org\/{rel}","templated":true}]}}